{"id":10,"date":"2024-12-02T17:32:52","date_gmt":"2024-12-02T17:32:52","guid":{"rendered":"https:\/\/abg-expertise-comptable.fr\/?page_id=10"},"modified":"2025-01-10T11:53:29","modified_gmt":"2025-01-10T11:53:29","slug":"etablissements","status":"publish","type":"page","link":"https:\/\/abg-expertise-comptable.fr\/index.php\/etablissements\/","title":{"rendered":"Etablissements"},"content":{"rendered":"<p><strong><u>Etablissement principal\u00a0:<\/u><\/strong><\/p>\n<p>&nbsp;<\/p>\n<p>5, Rue de l&rsquo;\u00e9glise<\/p>\n<p>31560 NAILLOUX<\/p>\n<p>Tel\u00a0: 05.61.45.56.15<\/p>\n<p>Mail : guestin.aurelie @ orange.fr<\/p>\n<figure id=\"attachment_67\" aria-describedby=\"caption-attachment-67\" style=\"width: 341px\" class=\"wp-caption alignnone\"><img loading=\"lazy\" decoding=\"async\" class=\" wp-image-67\" src=\"https:\/\/abg-expertise-comptable.fr\/wp-content\/uploads\/2025\/01\/nailloux-169x300.jpeg\" alt=\"\" width=\"341\" height=\"605\" srcset=\"https:\/\/abg-expertise-comptable.fr\/wp-content\/uploads\/2025\/01\/nailloux-169x300.jpeg 169w, https:\/\/abg-expertise-comptable.fr\/wp-content\/uploads\/2025\/01\/nailloux-576x1024.jpeg 576w, https:\/\/abg-expertise-comptable.fr\/wp-content\/uploads\/2025\/01\/nailloux-768x1365.jpeg 768w, https:\/\/abg-expertise-comptable.fr\/wp-content\/uploads\/2025\/01\/nailloux-864x1536.jpeg 864w, https:\/\/abg-expertise-comptable.fr\/wp-content\/uploads\/2025\/01\/nailloux.jpeg 1134w\" sizes=\"auto, (max-width: 341px) 100vw, 341px\" \/><figcaption id=\"caption-attachment-67\" class=\"wp-caption-text\">entr\u00e9e locaux Nailloux acc\u00e8s bureaux au premier \u00e9tage<\/figcaption><\/figure>\n<p><strong><u>Etablissement secondaire :<\/u><\/strong><\/p>\n<p>79,\u00a0 Rue De La Republique,<\/p>\n<p>31290 VILLEFRANCE DE LAURAGAIS.<\/p>\n<p><img loading=\"lazy\" decoding=\"async\" class=\"alignnone wp-image-33\" src=\"https:\/\/abg-expertise-comptable.fr\/wp-content\/uploads\/2024\/12\/ABG_Villefranche_De_Lauragais-300x241.png\" alt=\"\" width=\"480\" height=\"386\" srcset=\"https:\/\/abg-expertise-comptable.fr\/wp-content\/uploads\/2024\/12\/ABG_Villefranche_De_Lauragais-300x241.png 300w, https:\/\/abg-expertise-comptable.fr\/wp-content\/uploads\/2024\/12\/ABG_Villefranche_De_Lauragais-1024x823.png 1024w, https:\/\/abg-expertise-comptable.fr\/wp-content\/uploads\/2024\/12\/ABG_Villefranche_De_Lauragais-768x617.png 768w, https:\/\/abg-expertise-comptable.fr\/wp-content\/uploads\/2024\/12\/ABG_Villefranche_De_Lauragais.png 1342w\" sizes=\"auto, (max-width: 480px) 100vw, 480px\" \/><\/p>\n","protected":false},"excerpt":{"rendered":"<p>Etablissement principal\u00a0: &nbsp; 5, Rue de l&rsquo;\u00e9glise 31560 NAILLOUX Tel\u00a0: 05.61.45.56.15 Mail : guestin.aurelie @ orange.fr Etablissement secondaire : 79,\u00a0 Rue De La Republique, 31290 VILLEFRANCE DE LAURAGAIS.<\/p>\n","protected":false},"author":1,"featured_media":0,"parent":0,"menu_order":0,"comment_status":"closed","ping_status":"closed","template":"","meta":{"footnotes":""},"class_list":["post-10","page","type-page","status-publish","hentry"],"_links":{"self":[{"href":"https:\/\/abg-expertise-comptable.fr\/index.php\/wp-json\/wp\/v2\/pages\/10","targetHints":{"allow":["GET"]}}],"collection":[{"href":"https:\/\/abg-expertise-comptable.fr\/index.php\/wp-json\/wp\/v2\/pages"}],"about":[{"href":"https:\/\/abg-expertise-comptable.fr\/index.php\/wp-json\/wp\/v2\/types\/page"}],"author":[{"embeddable":true,"href":"https:\/\/abg-expertise-comptable.fr\/index.php\/wp-json\/wp\/v2\/users\/1"}],"replies":[{"embeddable":true,"href":"https:\/\/abg-expertise-comptable.fr\/index.php\/wp-json\/wp\/v2\/comments?post=10"}],"version-history":[{"count":5,"href":"https:\/\/abg-expertise-comptable.fr\/index.php\/wp-json\/wp\/v2\/pages\/10\/revisions"}],"predecessor-version":[{"id":68,"href":"https:\/\/abg-expertise-comptable.fr\/index.php\/wp-json\/wp\/v2\/pages\/10\/revisions\/68"}],"wp:attachment":[{"href":"https:\/\/abg-expertise-comptable.fr\/index.php\/wp-json\/wp\/v2\/media?parent=10"}],"curies":[{"name":"wp","href":"https:\/\/api.w.org\/{rel}","templated":true}]}}